{"id":2636,"date":"2022-09-01T13:39:51","date_gmt":"2022-09-01T13:39:51","guid":{"rendered":"http:\/\/test.greenvalleysrl.com\/?post_type=product&#038;p=2636"},"modified":"2026-02-19T09:11:58","modified_gmt":"2026-02-19T09:11:58","slug":"olio-extravergine-di-oliva-biologico-sicilia","status":"publish","type":"product","link":"https:\/\/greenvalleysrl.com\/en\/product\/olio-extravergine-di-oliva-biologico-sicilia\/","title":{"rendered":"Extra Virgin Olive Oil"},"content":{"rendered":"<h2 style=\"color: #72cb25;\">Dettagli<\/h2>\n<p>L&#8217;Olio Extravergine di Oliva Biologico dell&#8217;Azienda Green Valley Farm \u00e8 ottenuto secondo le antiche lavorazioni artigianali siciliane, ogni fase della produzione \u00e8 curata nei minimi dettagli per mantenere intatti i sapori genuini della Sicilia. L&#8217;olio, ottenuto esclusivamente da olive siciliane, si distingue per il suo profumo fruttato inconfondibile e per il suo sapore delicato.<\/p>\n<h2 style=\"color: #72cb25;\">Produzione:<\/h2>\n<p>Italy<\/p>\n<h2 style=\"color: #72cb25;\">Variet\u00e0:<\/h2>\n<p>L&#8217;Olio Extravergine di Oliva Green Valley Farm \u00e8 ottenuto da una selezione delle migliori cultivar siciliane:<\/p>\n<p><strong>&#8211; Biancolilla: <\/strong>considerata una delle variet\u00e0 pi\u00f9 antiche e produttive tra quelle presenti negli uliveti siciliani, \u00e8 apprezzata per la sua rusticit\u00e0 e la grande produttivit\u00e0.<\/p>\n<p><strong>&#8211; Nocellara Messinese:<\/strong> \u00e8 una delle cultivar autoctone siciliane pi\u00f9 apprezzate, si distingue per una resa dell&#8217;olio medio-alta e un&#8217;acidit\u00e0 molto bassa.<\/p>\n<p><strong>&#8211; Ogliarola Messinese: <\/strong>questa cultivar autoctona siciliana, \u00e8 famosa per la sua elevata resa in termini di produzione di olio extravergine di oliva di qualit\u00e0.<\/p>\n<h2 style=\"color: #72cb25;\">Raccolta:<\/h2>\n<p>La raccolta delle olive avviene <strong>manualmente<\/strong> nei mesi di ottobre e dicembre. Questa tecnica tradizionale permette di preservare l&#8217;integrit\u00e0 delle olive, evitando processi di fermentazione che potrebbero alterare la qualit\u00e0 dell&#8217;olio extravergine di oliva.<\/p>\n<h2 style=\"color: #72cb25;\">Molitura:<\/h2>\n<p>La molitura delle olive avviene attraverso la <strong>spremitura a freddo<\/strong>, un processo meccanico che consente di estrarre l&#8217;olio dalle olive mantenendo del tutto inalterate le propriet\u00e0 nutrizionali e organolettiche dell&#8217;olio.<\/p>\n<h2 style=\"color: #72cb25;\">Parametri Nutrizionali<\/h2>\n<table style=\"width: 100%; border-collapse: separate; border-spacing: 0 10px;\">\n<caption>\u00a0<\/caption>\n<thead>\n<tr style=\"background-color: #c3bd87; border-radius: 10px;\">\n<th>Parametro<\/th>\n<th>Valore<\/th>\n<\/tr>\n<\/thead>\n<tbody>\n<tr style=\"background-color: #e0b9cc; border-radius: 10px;\">\n<td>Energia<\/td>\n<td>3374 kj \/ 821 kcal<\/td>\n<\/tr>\n<tr style=\"background-color: #d5edbc; border-radius: 10px;\">\n<td>Grassi<\/td>\n<td>91,3 g<\/td>\n<\/tr>\n<tr style=\"background-color: #e0b9cc; border-radius: 10px;\">\n<td>di cui Grassi saturi<\/td>\n<td>14,1 g<\/td>\n<\/tr>\n<tr style=\"background-color: #d5edbc; border-radius: 10px;\">\n<td>Carboidrati<\/td>\n<td>0 g<\/td>\n<\/tr>\n<tr style=\"background-color: #e0b9cc; border-radius: 10px;\">\n<td>di cui Zuccheri<\/td>\n<td>0 g<\/td>\n<\/tr>\n<tr style=\"background-color: #d5edbc; border-radius: 10px;\">\n<td>Proteine<\/td>\n<td>0 g<\/td>\n<\/tr>\n<tr style=\"background-color: #e0b9cc; border-radius: 10px;\">\n<td>Sale<\/td>\n<td>0 g<\/td>\n<\/tr>\n<\/tbody>\n<\/table>\n<h2 style=\"color: #72cb25;\">Coltivazione<\/h2>\n<p>L&#8217;olio extravergine di oliva Green Valley Farm \u00e8 prodotto secondo metodi di coltivazione biologica. Tutti i frutti sono coltivati rispettando l&#8217;ambiente e la terra, senza l&#8217;uso di pesticidi e fertilizzanti chimici convenzionali.<\/p>\n<h2 style=\"color: #72cb25;\">Spedizione e Conservazione<\/h2>\n<p>La spedizione dell&#8217;olio extravergine di oliva \u00e8 prevista dal <strong>luned\u00ec<\/strong> al <strong>venerd\u00ec<\/strong>. Una volta ricevuto l&#8217;olio, si consiglia di conservarlo in luogo fresco ed asciutto al riparo dalla luce e da fonti di calore.<\/p>\n<h2 style=\"color: #72cb25;\">Usi in cucina<\/h2>\n<p>L&#8217;olio extravergine di oliva siciliano \u00e8 un prezioso condimento in cucina e uno dei principali componenti della dieta mediterranea. Questo olio \u00e8 molto versatile e pu\u00f2 essere utilizzato per arricchire i piatti con i suoi aromi intensi e persistenti. Grazie alle sue caratteristiche organolettiche uniche, l\u2019olio extravergine \u00e8 perfetto per condire insalate, verdure, pasta, riso, carne e pesce. \u00c8 inoltre ideale per preparare salse e marinature, conferendo ai piatti un sapore unico e raffinato. Oltre all&#8217;uso a crudo, che esalta il sapore naturale dei cibi, l&#8217;olio extravergine di oliva \u00e8 eccellente per la cottura a bassa temperatura, come la cottura al vapore o la grigliatura.<\/p>","protected":false},"excerpt":{"rendered":"<p>Dettagli L&#8217;Olio Extravergine di Oliva Biologico dell&#8217;Azienda Green Valley Farm \u00e8 ottenuto secondo le antiche lavorazioni artigianali siciliane, ogni fase della produzione \u00e8 curata nei minimi dettagli per mantenere intatti i sapori genuini della Sicilia. L&#8217;olio, ottenuto esclusivamente da olive siciliane, si distingue per il suo profumo fruttato inconfondibile e per il suo sapore delicato. [&hellip;]<\/p>\n","protected":false},"featured_media":3766,"template":"","meta":[],"product_brand":[],"product_cat":[98,106],"product_tag":[],"class_list":{"0":"post-2636","1":"product","2":"type-product","3":"status-publish","4":"has-post-thumbnail","6":"product_cat-olio","7":"product_cat-tutti-i-prodotti","8":"product_shipping_class-standard","10":"first","11":"instock","12":"sale","13":"taxable","14":"shipping-taxable","15":"purchasable","16":"product-type-variable","17":"has-default-attributes"},"bundled_by":[],"bundle_stock_status":"instock","bundle_stock_quantity":null,"bundle_virtual":false,"bundle_layout":"","bundle_add_to_cart_form_location":"","bundle_editable_in_cart":false,"bundle_sold_individually_context":"","bundle_item_grouping":"","bundle_min_size":"","bundle_max_size":"","bundle_price":[],"bundled_items":[],"bundle_sell_ids":[],"yoast_head":"<!-- This site is optimized with the Yoast SEO plugin v27.4 - https:\/\/yoast.com\/product\/yoast-seo-wordpress\/ -->\n<title>Vendita Online di Olio Extravergine Siciliano - Green Valley Farm<\/title>\n<meta name=\"description\" content=\"Scopri l&#039;Olio Extravergine di Oliva Biologico della Green Valley Farm, prodotto in Sicilia con metodi tradizionali e olive siciliane.\" \/>\n<meta name=\"robots\" content=\"index, follow, max-snippet:-1, max-image-preview:large, max-video-preview:-1\" \/>\n<link rel=\"canonical\" href=\"https:\/\/greenvalleysrl.com\/en\/product\/olio-extravergine-di-oliva-biologico-sicilia\/\" \/>\n<meta property=\"og:locale\" content=\"en_GB\" \/>\n<meta property=\"og:type\" content=\"article\" \/>\n<meta property=\"og:title\" content=\"Vendita Online di Olio Extravergine Siciliano - Green Valley Farm\" \/>\n<meta property=\"og:description\" content=\"Scopri l&#039;Olio Extravergine di Oliva Biologico della Green Valley Farm, prodotto in Sicilia con metodi tradizionali e olive siciliane.\" \/>\n<meta property=\"og:url\" content=\"https:\/\/greenvalleysrl.com\/en\/product\/olio-extravergine-di-oliva-biologico-sicilia\/\" \/>\n<meta property=\"og:site_name\" content=\"Green Valley\" \/>\n<meta property=\"article:publisher\" content=\"https:\/\/www.facebook.com\/greenvalleyfarmsrl\/\" \/>\n<meta property=\"article:modified_time\" content=\"2026-02-19T09:11:58+00:00\" \/>\n<meta property=\"og:image\" content=\"https:\/\/greenvalleysrl.com\/wp-content\/uploads\/2022\/09\/1-1.jpg\" \/>\n\t<meta property=\"og:image:width\" content=\"1080\" \/>\n\t<meta property=\"og:image:height\" content=\"1080\" \/>\n\t<meta property=\"og:image:type\" content=\"image\/jpeg\" \/>\n<meta name=\"twitter:card\" content=\"summary_large_image\" \/>\n<meta name=\"twitter:label1\" content=\"Estimated reading time\" \/>\n\t<meta name=\"twitter:data1\" content=\"3 minutes\" \/>\n<script type=\"application\/ld+json\" class=\"yoast-schema-graph\">{\"@context\":\"https:\\\/\\\/schema.org\",\"@graph\":[{\"@type\":\"WebPage\",\"@id\":\"https:\\\/\\\/greenvalleysrl.com\\\/product\\\/olio-extravergine-di-oliva-biologico-sicilia\\\/\",\"url\":\"https:\\\/\\\/greenvalleysrl.com\\\/product\\\/olio-extravergine-di-oliva-biologico-sicilia\\\/\",\"name\":\"Vendita Online di Olio Extravergine Siciliano - Green Valley Farm\",\"isPartOf\":{\"@id\":\"https:\\\/\\\/greenvalleysrl.com\\\/#website\"},\"primaryImageOfPage\":{\"@id\":\"https:\\\/\\\/greenvalleysrl.com\\\/product\\\/olio-extravergine-di-oliva-biologico-sicilia\\\/#primaryimage\"},\"image\":{\"@id\":\"https:\\\/\\\/greenvalleysrl.com\\\/product\\\/olio-extravergine-di-oliva-biologico-sicilia\\\/#primaryimage\"},\"thumbnailUrl\":\"https:\\\/\\\/greenvalleysrl.com\\\/wp-content\\\/uploads\\\/2022\\\/09\\\/1-1.jpg\",\"datePublished\":\"2022-09-01T13:39:51+00:00\",\"dateModified\":\"2026-02-19T09:11:58+00:00\",\"description\":\"Scopri l'Olio Extravergine di Oliva Biologico della Green Valley Farm, prodotto in Sicilia con metodi tradizionali e olive siciliane.\",\"breadcrumb\":{\"@id\":\"https:\\\/\\\/greenvalleysrl.com\\\/product\\\/olio-extravergine-di-oliva-biologico-sicilia\\\/#breadcrumb\"},\"inLanguage\":\"en-GB\",\"potentialAction\":[{\"@type\":\"ReadAction\",\"target\":[\"https:\\\/\\\/greenvalleysrl.com\\\/product\\\/olio-extravergine-di-oliva-biologico-sicilia\\\/\"]}]},{\"@type\":\"ImageObject\",\"inLanguage\":\"en-GB\",\"@id\":\"https:\\\/\\\/greenvalleysrl.com\\\/product\\\/olio-extravergine-di-oliva-biologico-sicilia\\\/#primaryimage\",\"url\":\"https:\\\/\\\/greenvalleysrl.com\\\/wp-content\\\/uploads\\\/2022\\\/09\\\/1-1.jpg\",\"contentUrl\":\"https:\\\/\\\/greenvalleysrl.com\\\/wp-content\\\/uploads\\\/2022\\\/09\\\/1-1.jpg\",\"width\":1080,\"height\":1080,\"caption\":\"Olio-Extravergine-di-Oliva-Biologico-siciliano\"},{\"@type\":\"BreadcrumbList\",\"@id\":\"https:\\\/\\\/greenvalleysrl.com\\\/product\\\/olio-extravergine-di-oliva-biologico-sicilia\\\/#breadcrumb\",\"itemListElement\":[{\"@type\":\"ListItem\",\"position\":1,\"name\":\"Home\",\"item\":\"https:\\\/\\\/greenvalleysrl.com\\\/\"},{\"@type\":\"ListItem\",\"position\":2,\"name\":\"shop\",\"item\":\"https:\\\/\\\/greenvalleysrl.com\\\/shop\\\/\"},{\"@type\":\"ListItem\",\"position\":3,\"name\":\"Tutti i prodotti\",\"item\":\"https:\\\/\\\/greenvalleysrl.com\\\/product-category\\\/tutti-i-prodotti\\\/\"},{\"@type\":\"ListItem\",\"position\":4,\"name\":\"Olio Extravergine di Oliva\"}]},{\"@type\":\"WebSite\",\"@id\":\"https:\\\/\\\/greenvalleysrl.com\\\/#website\",\"url\":\"https:\\\/\\\/greenvalleysrl.com\\\/\",\"name\":\"Green Valley Farm\",\"description\":\"Agrumi coltivati secondo natura\",\"publisher\":{\"@id\":\"https:\\\/\\\/greenvalleysrl.com\\\/#organization\"},\"potentialAction\":[{\"@type\":\"SearchAction\",\"target\":{\"@type\":\"EntryPoint\",\"urlTemplate\":\"https:\\\/\\\/greenvalleysrl.com\\\/?s={search_term_string}\"},\"query-input\":{\"@type\":\"PropertyValueSpecification\",\"valueRequired\":true,\"valueName\":\"search_term_string\"}}],\"inLanguage\":\"en-GB\"},{\"@type\":\"Organization\",\"@id\":\"https:\\\/\\\/greenvalleysrl.com\\\/#organization\",\"name\":\"Green Valley Farm\",\"url\":\"https:\\\/\\\/greenvalleysrl.com\\\/\",\"logo\":{\"@type\":\"ImageObject\",\"inLanguage\":\"en-GB\",\"@id\":\"https:\\\/\\\/greenvalleysrl.com\\\/#\\\/schema\\\/logo\\\/image\\\/\",\"url\":\"https:\\\/\\\/greenvalleysrl.com\\\/wp-content\\\/uploads\\\/2024\\\/05\\\/logo-gv.png\",\"contentUrl\":\"https:\\\/\\\/greenvalleysrl.com\\\/wp-content\\\/uploads\\\/2024\\\/05\\\/logo-gv.png\",\"width\":1080,\"height\":1080,\"caption\":\"Green Valley Farm\"},\"image\":{\"@id\":\"https:\\\/\\\/greenvalleysrl.com\\\/#\\\/schema\\\/logo\\\/image\\\/\"},\"sameAs\":[\"https:\\\/\\\/www.facebook.com\\\/greenvalleyfarmsrl\\\/\",\"https:\\\/\\\/www.linkedin.com\\\/company\\\/azienda-agricola-green-valley-farm-srl\\\/\"]}]}<\/script>\n<!-- \/ Yoast SEO plugin. -->","yoast_head_json":{"title":"Vendita Online di Olio Extravergine Siciliano - Green Valley Farm","description":"Scopri l'Olio Extravergine di Oliva Biologico della Green Valley Farm, prodotto in Sicilia con metodi tradizionali e olive siciliane.","robots":{"index":"index","follow":"follow","max-snippet":"max-snippet:-1","max-image-preview":"max-image-preview:large","max-video-preview":"max-video-preview:-1"},"canonical":"https:\/\/greenvalleysrl.com\/en\/product\/olio-extravergine-di-oliva-biologico-sicilia\/","og_locale":"en_GB","og_type":"article","og_title":"Vendita Online di Olio Extravergine Siciliano - Green Valley Farm","og_description":"Scopri l'Olio Extravergine di Oliva Biologico della Green Valley Farm, prodotto in Sicilia con metodi tradizionali e olive siciliane.","og_url":"https:\/\/greenvalleysrl.com\/en\/product\/olio-extravergine-di-oliva-biologico-sicilia\/","og_site_name":"Green Valley","article_publisher":"https:\/\/www.facebook.com\/greenvalleyfarmsrl\/","article_modified_time":"2026-02-19T09:11:58+00:00","og_image":[{"width":1080,"height":1080,"url":"https:\/\/greenvalleysrl.com\/wp-content\/uploads\/2022\/09\/1-1.jpg","type":"image\/jpeg"}],"twitter_card":"summary_large_image","twitter_misc":{"Estimated reading time":"3 minutes"},"schema":{"@context":"https:\/\/schema.org","@graph":[{"@type":"WebPage","@id":"https:\/\/greenvalleysrl.com\/product\/olio-extravergine-di-oliva-biologico-sicilia\/","url":"https:\/\/greenvalleysrl.com\/product\/olio-extravergine-di-oliva-biologico-sicilia\/","name":"Vendita Online di Olio Extravergine Siciliano - Green Valley Farm","isPartOf":{"@id":"https:\/\/greenvalleysrl.com\/#website"},"primaryImageOfPage":{"@id":"https:\/\/greenvalleysrl.com\/product\/olio-extravergine-di-oliva-biologico-sicilia\/#primaryimage"},"image":{"@id":"https:\/\/greenvalleysrl.com\/product\/olio-extravergine-di-oliva-biologico-sicilia\/#primaryimage"},"thumbnailUrl":"https:\/\/greenvalleysrl.com\/wp-content\/uploads\/2022\/09\/1-1.jpg","datePublished":"2022-09-01T13:39:51+00:00","dateModified":"2026-02-19T09:11:58+00:00","description":"Scopri l'Olio Extravergine di Oliva Biologico della Green Valley Farm, prodotto in Sicilia con metodi tradizionali e olive siciliane.","breadcrumb":{"@id":"https:\/\/greenvalleysrl.com\/product\/olio-extravergine-di-oliva-biologico-sicilia\/#breadcrumb"},"inLanguage":"en-GB","potentialAction":[{"@type":"ReadAction","target":["https:\/\/greenvalleysrl.com\/product\/olio-extravergine-di-oliva-biologico-sicilia\/"]}]},{"@type":"ImageObject","inLanguage":"en-GB","@id":"https:\/\/greenvalleysrl.com\/product\/olio-extravergine-di-oliva-biologico-sicilia\/#primaryimage","url":"https:\/\/greenvalleysrl.com\/wp-content\/uploads\/2022\/09\/1-1.jpg","contentUrl":"https:\/\/greenvalleysrl.com\/wp-content\/uploads\/2022\/09\/1-1.jpg","width":1080,"height":1080,"caption":"Olio-Extravergine-di-Oliva-Biologico-siciliano"},{"@type":"BreadcrumbList","@id":"https:\/\/greenvalleysrl.com\/product\/olio-extravergine-di-oliva-biologico-sicilia\/#breadcrumb","itemListElement":[{"@type":"ListItem","position":1,"name":"Home","item":"https:\/\/greenvalleysrl.com\/"},{"@type":"ListItem","position":2,"name":"shop","item":"https:\/\/greenvalleysrl.com\/shop\/"},{"@type":"ListItem","position":3,"name":"Tutti i prodotti","item":"https:\/\/greenvalleysrl.com\/product-category\/tutti-i-prodotti\/"},{"@type":"ListItem","position":4,"name":"Olio Extravergine di Oliva"}]},{"@type":"WebSite","@id":"https:\/\/greenvalleysrl.com\/#website","url":"https:\/\/greenvalleysrl.com\/","name":"Green Valley Farm","description":"Agrumi coltivati secondo natura","publisher":{"@id":"https:\/\/greenvalleysrl.com\/#organization"},"potentialAction":[{"@type":"SearchAction","target":{"@type":"EntryPoint","urlTemplate":"https:\/\/greenvalleysrl.com\/?s={search_term_string}"},"query-input":{"@type":"PropertyValueSpecification","valueRequired":true,"valueName":"search_term_string"}}],"inLanguage":"en-GB"},{"@type":"Organization","@id":"https:\/\/greenvalleysrl.com\/#organization","name":"Green Valley Farm","url":"https:\/\/greenvalleysrl.com\/","logo":{"@type":"ImageObject","inLanguage":"en-GB","@id":"https:\/\/greenvalleysrl.com\/#\/schema\/logo\/image\/","url":"https:\/\/greenvalleysrl.com\/wp-content\/uploads\/2024\/05\/logo-gv.png","contentUrl":"https:\/\/greenvalleysrl.com\/wp-content\/uploads\/2024\/05\/logo-gv.png","width":1080,"height":1080,"caption":"Green Valley Farm"},"image":{"@id":"https:\/\/greenvalleysrl.com\/#\/schema\/logo\/image\/"},"sameAs":["https:\/\/www.facebook.com\/greenvalleyfarmsrl\/","https:\/\/www.linkedin.com\/company\/azienda-agricola-green-valley-farm-srl\/"]}]}},"jetpack_sharing_enabled":true,"_links":{"self":[{"href":"https:\/\/greenvalleysrl.com\/en\/wp-json\/wp\/v2\/product\/2636","targetHints":{"allow":["GET"]}}],"collection":[{"href":"https:\/\/greenvalleysrl.com\/en\/wp-json\/wp\/v2\/product"}],"about":[{"href":"https:\/\/greenvalleysrl.com\/en\/wp-json\/wp\/v2\/types\/product"}],"wp:featuredmedia":[{"embeddable":true,"href":"https:\/\/greenvalleysrl.com\/en\/wp-json\/wp\/v2\/media\/3766"}],"wp:attachment":[{"href":"https:\/\/greenvalleysrl.com\/en\/wp-json\/wp\/v2\/media?parent=2636"}],"wp:term":[{"taxonomy":"product_brand","embeddable":true,"href":"https:\/\/greenvalleysrl.com\/en\/wp-json\/wp\/v2\/product_brand?post=2636"},{"taxonomy":"product_cat","embeddable":true,"href":"https:\/\/greenvalleysrl.com\/en\/wp-json\/wp\/v2\/product_cat?post=2636"},{"taxonomy":"product_tag","embeddable":true,"href":"https:\/\/greenvalleysrl.com\/en\/wp-json\/wp\/v2\/product_tag?post=2636"}],"curies":[{"name":"wp","href":"https:\/\/api.w.org\/{rel}","templated":true}]}}