{"id":2812,"date":"2022-09-07T10:47:01","date_gmt":"2022-09-07T10:47:01","guid":{"rendered":"http:\/\/test.greenvalleysrl.com\/?post_type=product&#038;p=2812"},"modified":"2026-04-18T07:41:14","modified_gmt":"2026-04-18T07:41:14","slug":"limoni-siciliani-biologici","status":"publish","type":"product","link":"https:\/\/greenvalleysrl.com\/en\/product\/limoni-siciliani-biologici\/","title":{"rendered":"Limoni Siciliani variet\u00e0 Femminello"},"content":{"rendered":"<h2 style=\"color: #72cb25;\">Dettagli<\/h2>\n<p>Il limone Femminello, noto botanicamente come Citrus limon, rappresenta una delle variet\u00e0 pi\u00f9 emblematiche e apprezzate d&#8217;Italia. Il limone Femminello \u00e8 generalmente di media grandezza, il colore va dal verde al giallo intenso e la sua buccia \u00e8 omogenea e fine.<\/p>\n<h2 style=\"color: #72cb25;\">Origin<\/h2>\n<p>Italia &#8211; Cat. I &#8211; Cal. 3<\/p>\n<h2 style=\"color: #72cb25;\">Variety<\/h2>\n<p>Agrume &#8211; Limone Femminello<\/p>\n<h2 style=\"color: #72cb25;\">Fioriture<\/h2>\n<p>Questa variet\u00e0 \u00e8 denominata femminello per via della notevole fertilit\u00e0 della pianta che vanta tre fioriture annuali, ciascuna con caratteristiche uniche: il Primofiore, il Bianchetto e il Verdello.<\/p>\n<p><strong>&#8211; Primofiore<\/strong>: Matura da ottobre, presenta una forma ellittica con buccia e polpa di colore variabile dal verde chiaro al giallo-citrino. Il suo succo, anch&#8217;esso giallo citrino, \u00e8 noto per la sua freschezza e intensit\u00e0.<\/p>\n<p><strong>&#8211; Bianchetto<\/strong>: Questa variet\u00e0 matura da aprile, caratterizzandosi per la forma ellittico-ovoidale, buccia giallo chiaro, polpa gialla e succo giallo-citrino. \u00c8 particolarmente apprezzato per la sua delicatezza e versatilit\u00e0 in cucina.<\/p>\n<p><strong>&#8211;<\/strong> <a href=\"https:\/\/greenvalleysrl.com\/en\/product\/limone-verdello-origine-italia\/\"><strong>Verdello<\/strong><\/a>: Dal luglio, il Verdello matura presentando una forma ellittico-sferoidale e una buccia verde chiaro. La polpa e il succo giallo-citrino offrono un gusto vibrante e rinfrescante, perfetto per le bevande estive.<\/p>\n<h2 style=\"color: #72cb25;\">Parametri Nutrizionali<\/h2>\n<table style=\"width: 100%; border-collapse: separate; border-spacing: 0 10px;\">\n<caption>\u00a0<\/caption>\n<thead>\n<tr style=\"background-color: #fff1ba; border-radius: 10px;\">\n<th>Parametro<\/th>\n<th>Valore<\/th>\n<\/tr>\n<\/thead>\n<tbody>\n<tr style=\"background-color: #e0b9cc; border-radius: 10px;\">\n<td>Energia (Kcal)<\/td>\n<td>11<\/td>\n<\/tr>\n<tr style=\"background-color: #d5edbc; border-radius: 10px;\">\n<td>Acqua (g)<\/td>\n<td>89,5<\/td>\n<\/tr>\n<tr style=\"background-color: #e0b9cc; border-radius: 10px;\">\n<td>Carboidrati (g)<\/td>\n<td>2,3<\/td>\n<\/tr>\n<tr style=\"background-color: #d5edbc; border-radius: 10px;\">\n<td>Fibra totale (g)<\/td>\n<td>1,9<\/td>\n<\/tr>\n<tr style=\"background-color: #e0b9cc; border-radius: 10px;\">\n<td>Proteine (g)<\/td>\n<td>0,6<\/td>\n<\/tr>\n<tr style=\"background-color: #d5edbc; border-radius: 10px;\">\n<td>Lipidi (g)<\/td>\n<td>0<\/td>\n<\/tr>\n<tr style=\"background-color: #e0b9cc; border-radius: 10px;\">\n<td>Potassio (mg)<\/td>\n<td>140<\/td>\n<\/tr>\n<tr style=\"background-color: #d5edbc; border-radius: 10px;\">\n<td>Vitamina A (mg)<\/td>\n<td>0<\/td>\n<\/tr>\n<tr style=\"background-color: #e0b9cc; border-radius: 10px;\">\n<td>Vitamina C (mg)<\/td>\n<td>53<\/td>\n<\/tr>\n<tr style=\"background-color: #d5edbc; border-radius: 10px;\">\n<td>Vitamina E (mg)<\/td>\n<td>ND<\/td>\n<\/tr>\n<tr style=\"background-color: #e0b9cc; border-radius: 10px;\">\n<td>Vitamina B9 (mg)<\/td>\n<td>11<\/td>\n<\/tr>\n<tr style=\"background-color: #d5edbc; border-radius: 10px;\">\n<td>Calcio (mg)<\/td>\n<td>14<\/td>\n<\/tr>\n<tr style=\"background-color: #e0b9cc; border-radius: 10px;\">\n<td>Sodio (mg)<\/td>\n<td>2<\/td>\n<\/tr>\n<tr style=\"background-color: #d5edbc; border-radius: 10px;\">\n<td>Ferro (mg)<\/td>\n<td>0,1<\/td>\n<\/tr>\n<\/tbody>\n<\/table>\n<h2 style=\"color: #72cb25;\">Coltivazione<\/h2>\n<p>Il Limone Femminello \u00e8 prodotto secondo metodi di coltivazione biologica. Tutti i frutti sono coltivati rispettando l&#8217;ambiente e la terra, senza l&#8217;uso di pesticidi e fertilizzanti chimici convenzionali.<\/p>\n<h2 style=\"color: #72cb25;\">Raccolta, Spedizione e Conservazione<\/h2>\n<p>Per assicurare l&#8217;arrivo dei limoni nelle condizioni ottimali, la raccolta viene effettuata manualmente e con estrema cura durante lo stesso giorno della spedizione, che \u00e8 prevista dal luned\u00ec al mercoled\u00ec. I limoni non vengono lavati per evitare che l&#8217;umidit\u00e0 possa comprometterne la freschezza naturale durante il trasporto e per la loro conservazione e commercializzazione non vengono utilizzate cere o trattamenti artificiali. Una volta ricevuti i limoni, si consiglia di rimuoverli dall&#8217;imballaggio utilizzato per il trasporto e successivamente riporli in un contenitore arieggiato e in un luogo fresco.<\/p>\n<h2 style=\"color: #72cb25;\">Usi in cucina<\/h2>\n<p>Grazie alle sue caratteristiche, il Limone Femminello \u00e8 molto richiesto nel settore alimentare. Il succo \u00e8 ideale per preparare bevande rinfrescanti, cocktail e per esaltare il gusto di condimenti e piatti di pesce. La buccia, ricca di oli essenziali, \u00e8 perfetta per aromatizzare dolci, infusi, e liquori artigianali.<\/p>","protected":false},"excerpt":{"rendered":"<p>Dettagli Il limone Femminello, noto botanicamente come Citrus limon, rappresenta una delle variet\u00e0 pi\u00f9 emblematiche e apprezzate d&#8217;Italia. Il limone Femminello \u00e8 generalmente di media grandezza, il colore va dal verde al giallo intenso e la sua buccia \u00e8 omogenea e fine. Origine Italia &#8211; Cat. I &#8211; Cal. 3 Variet\u00e0 Agrume &#8211; Limone Femminello [&hellip;]<\/p>\n","protected":false},"featured_media":3763,"template":"","meta":[],"product_brand":[],"product_cat":[97,106],"product_tag":[],"class_list":{"0":"post-2812","1":"product","2":"type-product","3":"status-publish","4":"has-post-thumbnail","6":"product_cat-agrumi","7":"product_cat-tutti-i-prodotti","9":"first","10":"instock","11":"taxable","12":"shipping-taxable","13":"purchasable","14":"product-type-variable","15":"has-default-attributes"},"bundled_by":["4248","4258","5657"],"bundle_stock_status":"instock","bundle_stock_quantity":469,"bundle_virtual":false,"bundle_layout":"","bundle_add_to_cart_form_location":"","bundle_editable_in_cart":false,"bundle_sold_individually_context":"","bundle_item_grouping":"","bundle_min_size":"","bundle_max_size":"","bundle_price":[],"bundled_items":[],"bundle_sell_ids":[],"yoast_head":"<!-- This site is optimized with the Yoast SEO plugin v27.2 - https:\/\/yoast.com\/product\/yoast-seo-wordpress\/ -->\n<title>Vendita Online di Limoni Biologici Siciliani - Green Valley Farm<\/title>\n<meta name=\"description\" content=\"Ordina online limoni freschi e succosi della variet\u00e0 Femminello e da coltivazione biologica, raccolti e spediti direttamente dalla Sicilia.\" \/>\n<meta name=\"robots\" content=\"index, follow, max-snippet:-1, max-image-preview:large, max-video-preview:-1\" \/>\n<link rel=\"canonical\" href=\"https:\/\/greenvalleysrl.com\/en\/product\/limoni-siciliani-biologici\/\" \/>\n<meta property=\"og:locale\" content=\"en_GB\" \/>\n<meta property=\"og:type\" content=\"article\" \/>\n<meta property=\"og:title\" content=\"Vendita Online di Limoni Biologici Siciliani - Green Valley Farm\" \/>\n<meta property=\"og:description\" content=\"Ordina online limoni freschi e succosi della variet\u00e0 Femminello e da coltivazione biologica, raccolti e spediti direttamente dalla Sicilia.\" \/>\n<meta property=\"og:url\" content=\"https:\/\/greenvalleysrl.com\/en\/product\/limoni-siciliani-biologici\/\" \/>\n<meta property=\"og:site_name\" content=\"Green Valley\" \/>\n<meta property=\"article:publisher\" content=\"https:\/\/www.facebook.com\/greenvalleyfarmsrl\/\" \/>\n<meta property=\"article:modified_time\" content=\"2026-04-18T07:41:14+00:00\" \/>\n<meta property=\"og:image\" content=\"https:\/\/greenvalleysrl.com\/wp-content\/uploads\/2022\/09\/Limone-femminiello1.jpg\" \/>\n\t<meta property=\"og:image:width\" content=\"1080\" \/>\n\t<meta property=\"og:image:height\" content=\"1080\" \/>\n\t<meta property=\"og:image:type\" content=\"image\/jpeg\" \/>\n<meta name=\"twitter:card\" content=\"summary_large_image\" \/>\n<meta name=\"twitter:label1\" content=\"Estimated reading time\" \/>\n\t<meta name=\"twitter:data1\" content=\"3 minutes\" \/>\n<script type=\"application\/ld+json\" class=\"yoast-schema-graph\">{\"@context\":\"https:\/\/schema.org\",\"@graph\":[{\"@type\":\"WebPage\",\"@id\":\"https:\/\/greenvalleysrl.com\/product\/limoni-siciliani-biologici\/\",\"url\":\"https:\/\/greenvalleysrl.com\/product\/limoni-siciliani-biologici\/\",\"name\":\"Vendita Online di Limoni Biologici Siciliani - Green Valley Farm\",\"isPartOf\":{\"@id\":\"https:\/\/greenvalleysrl.com\/#website\"},\"primaryImageOfPage\":{\"@id\":\"https:\/\/greenvalleysrl.com\/product\/limoni-siciliani-biologici\/#primaryimage\"},\"image\":{\"@id\":\"https:\/\/greenvalleysrl.com\/product\/limoni-siciliani-biologici\/#primaryimage\"},\"thumbnailUrl\":\"https:\/\/greenvalleysrl.com\/wp-content\/uploads\/2022\/09\/Limone-femminiello1.jpg\",\"datePublished\":\"2022-09-07T10:47:01+00:00\",\"dateModified\":\"2026-04-18T07:41:14+00:00\",\"description\":\"Ordina online limoni freschi e succosi della variet\u00e0 Femminello e da coltivazione biologica, raccolti e spediti direttamente dalla Sicilia.\",\"breadcrumb\":{\"@id\":\"https:\/\/greenvalleysrl.com\/product\/limoni-siciliani-biologici\/#breadcrumb\"},\"inLanguage\":\"en-GB\",\"potentialAction\":[{\"@type\":\"ReadAction\",\"target\":[\"https:\/\/greenvalleysrl.com\/product\/limoni-siciliani-biologici\/\"]}]},{\"@type\":\"ImageObject\",\"inLanguage\":\"en-GB\",\"@id\":\"https:\/\/greenvalleysrl.com\/product\/limoni-siciliani-biologici\/#primaryimage\",\"url\":\"https:\/\/greenvalleysrl.com\/wp-content\/uploads\/2022\/09\/Limone-femminiello1.jpg\",\"contentUrl\":\"https:\/\/greenvalleysrl.com\/wp-content\/uploads\/2022\/09\/Limone-femminiello1.jpg\",\"width\":1080,\"height\":1080,\"caption\":\"limoni biologici Sicilia femminello\"},{\"@type\":\"BreadcrumbList\",\"@id\":\"https:\/\/greenvalleysrl.com\/product\/limoni-siciliani-biologici\/#breadcrumb\",\"itemListElement\":[{\"@type\":\"ListItem\",\"position\":1,\"name\":\"Home\",\"item\":\"https:\/\/greenvalleysrl.com\/\"},{\"@type\":\"ListItem\",\"position\":2,\"name\":\"shop\",\"item\":\"https:\/\/greenvalleysrl.com\/shop\/\"},{\"@type\":\"ListItem\",\"position\":3,\"name\":\"Tutti i prodotti\",\"item\":\"https:\/\/greenvalleysrl.com\/product-category\/tutti-i-prodotti\/\"},{\"@type\":\"ListItem\",\"position\":4,\"name\":\"limone\"}]},{\"@type\":\"WebSite\",\"@id\":\"https:\/\/greenvalleysrl.com\/#website\",\"url\":\"https:\/\/greenvalleysrl.com\/\",\"name\":\"Green Valley Farm\",\"description\":\"Agrumi coltivati secondo natura\",\"publisher\":{\"@id\":\"https:\/\/greenvalleysrl.com\/#organization\"},\"potentialAction\":[{\"@type\":\"SearchAction\",\"target\":{\"@type\":\"EntryPoint\",\"urlTemplate\":\"https:\/\/greenvalleysrl.com\/?s={search_term_string}\"},\"query-input\":{\"@type\":\"PropertyValueSpecification\",\"valueRequired\":true,\"valueName\":\"search_term_string\"}}],\"inLanguage\":\"en-GB\"},{\"@type\":\"Organization\",\"@id\":\"https:\/\/greenvalleysrl.com\/#organization\",\"name\":\"Green Valley Farm\",\"url\":\"https:\/\/greenvalleysrl.com\/\",\"logo\":{\"@type\":\"ImageObject\",\"inLanguage\":\"en-GB\",\"@id\":\"https:\/\/greenvalleysrl.com\/#\/schema\/logo\/image\/\",\"url\":\"https:\/\/greenvalleysrl.com\/wp-content\/uploads\/2024\/05\/logo-gv.png\",\"contentUrl\":\"https:\/\/greenvalleysrl.com\/wp-content\/uploads\/2024\/05\/logo-gv.png\",\"width\":1080,\"height\":1080,\"caption\":\"Green Valley Farm\"},\"image\":{\"@id\":\"https:\/\/greenvalleysrl.com\/#\/schema\/logo\/image\/\"},\"sameAs\":[\"https:\/\/www.facebook.com\/greenvalleyfarmsrl\/\",\"https:\/\/www.linkedin.com\/company\/azienda-agricola-green-valley-farm-srl\/\"]}]}<\/script>\n<!-- \/ Yoast SEO plugin. -->","yoast_head_json":{"title":"Vendita Online di Limoni Biologici Siciliani - Green Valley Farm","description":"Ordina online limoni freschi e succosi della variet\u00e0 Femminello e da coltivazione biologica, raccolti e spediti direttamente dalla Sicilia.","robots":{"index":"index","follow":"follow","max-snippet":"max-snippet:-1","max-image-preview":"max-image-preview:large","max-video-preview":"max-video-preview:-1"},"canonical":"https:\/\/greenvalleysrl.com\/en\/product\/limoni-siciliani-biologici\/","og_locale":"en_GB","og_type":"article","og_title":"Vendita Online di Limoni Biologici Siciliani - Green Valley Farm","og_description":"Ordina online limoni freschi e succosi della variet\u00e0 Femminello e da coltivazione biologica, raccolti e spediti direttamente dalla Sicilia.","og_url":"https:\/\/greenvalleysrl.com\/en\/product\/limoni-siciliani-biologici\/","og_site_name":"Green Valley","article_publisher":"https:\/\/www.facebook.com\/greenvalleyfarmsrl\/","article_modified_time":"2026-04-18T07:41:14+00:00","og_image":[{"width":1080,"height":1080,"url":"https:\/\/greenvalleysrl.com\/wp-content\/uploads\/2022\/09\/Limone-femminiello1.jpg","type":"image\/jpeg"}],"twitter_card":"summary_large_image","twitter_misc":{"Estimated reading time":"3 minutes"},"schema":{"@context":"https:\/\/schema.org","@graph":[{"@type":"WebPage","@id":"https:\/\/greenvalleysrl.com\/product\/limoni-siciliani-biologici\/","url":"https:\/\/greenvalleysrl.com\/product\/limoni-siciliani-biologici\/","name":"Vendita Online di Limoni Biologici Siciliani - Green Valley Farm","isPartOf":{"@id":"https:\/\/greenvalleysrl.com\/#website"},"primaryImageOfPage":{"@id":"https:\/\/greenvalleysrl.com\/product\/limoni-siciliani-biologici\/#primaryimage"},"image":{"@id":"https:\/\/greenvalleysrl.com\/product\/limoni-siciliani-biologici\/#primaryimage"},"thumbnailUrl":"https:\/\/greenvalleysrl.com\/wp-content\/uploads\/2022\/09\/Limone-femminiello1.jpg","datePublished":"2022-09-07T10:47:01+00:00","dateModified":"2026-04-18T07:41:14+00:00","description":"Ordina online limoni freschi e succosi della variet\u00e0 Femminello e da coltivazione biologica, raccolti e spediti direttamente dalla Sicilia.","breadcrumb":{"@id":"https:\/\/greenvalleysrl.com\/product\/limoni-siciliani-biologici\/#breadcrumb"},"inLanguage":"en-GB","potentialAction":[{"@type":"ReadAction","target":["https:\/\/greenvalleysrl.com\/product\/limoni-siciliani-biologici\/"]}]},{"@type":"ImageObject","inLanguage":"en-GB","@id":"https:\/\/greenvalleysrl.com\/product\/limoni-siciliani-biologici\/#primaryimage","url":"https:\/\/greenvalleysrl.com\/wp-content\/uploads\/2022\/09\/Limone-femminiello1.jpg","contentUrl":"https:\/\/greenvalleysrl.com\/wp-content\/uploads\/2022\/09\/Limone-femminiello1.jpg","width":1080,"height":1080,"caption":"limoni biologici Sicilia femminello"},{"@type":"BreadcrumbList","@id":"https:\/\/greenvalleysrl.com\/product\/limoni-siciliani-biologici\/#breadcrumb","itemListElement":[{"@type":"ListItem","position":1,"name":"Home","item":"https:\/\/greenvalleysrl.com\/"},{"@type":"ListItem","position":2,"name":"shop","item":"https:\/\/greenvalleysrl.com\/shop\/"},{"@type":"ListItem","position":3,"name":"Tutti i prodotti","item":"https:\/\/greenvalleysrl.com\/product-category\/tutti-i-prodotti\/"},{"@type":"ListItem","position":4,"name":"limone"}]},{"@type":"WebSite","@id":"https:\/\/greenvalleysrl.com\/#website","url":"https:\/\/greenvalleysrl.com\/","name":"Green Valley Farm","description":"Agrumi coltivati secondo natura","publisher":{"@id":"https:\/\/greenvalleysrl.com\/#organization"},"potentialAction":[{"@type":"SearchAction","target":{"@type":"EntryPoint","urlTemplate":"https:\/\/greenvalleysrl.com\/?s={search_term_string}"},"query-input":{"@type":"PropertyValueSpecification","valueRequired":true,"valueName":"search_term_string"}}],"inLanguage":"en-GB"},{"@type":"Organization","@id":"https:\/\/greenvalleysrl.com\/#organization","name":"Green Valley Farm","url":"https:\/\/greenvalleysrl.com\/","logo":{"@type":"ImageObject","inLanguage":"en-GB","@id":"https:\/\/greenvalleysrl.com\/#\/schema\/logo\/image\/","url":"https:\/\/greenvalleysrl.com\/wp-content\/uploads\/2024\/05\/logo-gv.png","contentUrl":"https:\/\/greenvalleysrl.com\/wp-content\/uploads\/2024\/05\/logo-gv.png","width":1080,"height":1080,"caption":"Green Valley Farm"},"image":{"@id":"https:\/\/greenvalleysrl.com\/#\/schema\/logo\/image\/"},"sameAs":["https:\/\/www.facebook.com\/greenvalleyfarmsrl\/","https:\/\/www.linkedin.com\/company\/azienda-agricola-green-valley-farm-srl\/"]}]}},"jetpack_sharing_enabled":true,"_links":{"self":[{"href":"https:\/\/greenvalleysrl.com\/en\/wp-json\/wp\/v2\/product\/2812","targetHints":{"allow":["GET"]}}],"collection":[{"href":"https:\/\/greenvalleysrl.com\/en\/wp-json\/wp\/v2\/product"}],"about":[{"href":"https:\/\/greenvalleysrl.com\/en\/wp-json\/wp\/v2\/types\/product"}],"wp:featuredmedia":[{"embeddable":true,"href":"https:\/\/greenvalleysrl.com\/en\/wp-json\/wp\/v2\/media\/3763"}],"wp:attachment":[{"href":"https:\/\/greenvalleysrl.com\/en\/wp-json\/wp\/v2\/media?parent=2812"}],"wp:term":[{"taxonomy":"product_brand","embeddable":true,"href":"https:\/\/greenvalleysrl.com\/en\/wp-json\/wp\/v2\/product_brand?post=2812"},{"taxonomy":"product_cat","embeddable":true,"href":"https:\/\/greenvalleysrl.com\/en\/wp-json\/wp\/v2\/product_cat?post=2812"},{"taxonomy":"product_tag","embeddable":true,"href":"https:\/\/greenvalleysrl.com\/en\/wp-json\/wp\/v2\/product_tag?post=2812"}],"curies":[{"name":"wp","href":"https:\/\/api.w.org\/{rel}","templated":true}]}}