{"id":2820,"date":"2022-09-07T10:48:20","date_gmt":"2022-09-07T10:48:20","guid":{"rendered":"http:\/\/test.greenvalleysrl.com\/?post_type=product&#038;p=2820"},"modified":"2026-03-05T14:05:32","modified_gmt":"2026-03-05T14:05:32","slug":"arance-washington-navel-biologiche","status":"publish","type":"product","link":"https:\/\/greenvalleysrl.com\/en\/product\/arance-washington-navel-biologiche\/","title":{"rendered":"Arance Siciliane variet\u00e0 Washington Navel"},"content":{"rendered":"<h2 style=\"color: #72cb25;\">Dettagli<\/h2>\n<p>L\u2019Arancio Washington Navel, classificato come Citrus sinensis \u2018Washington Navel\u2019, \u00e8 una variet\u00e0 caratterizzata dall&#8217;alta vigoria. I frutti, di forma sferoidale e a maturazione precoce, sono di pezzatura media o medio-grossa. La buccia \u00e8 di un arancio molto intenso con una superficie spessa e liscia, mentre la polpa si distingue per la sua dolcezza.<\/p>\n<h2 style=\"color: #72cb25;\">Origin<\/h2>\n<p>Italia &#8211; Cat. I &#8211; Cal. 3-4<\/p>\n<h2 style=\"color: #72cb25;\">Variety<\/h2>\n<p>Agrume &#8211; Arancio Washington Navel<\/p>\n<h2 style=\"color: #72cb25;\">Fioriture<\/h2>\n<p>L&#8217;arancio ha un&#8217;unica abbondante fioritura nel periodo compreso tra marzo e aprile. Il periodo di raccolta di questa variet\u00e0 di arance, inizia con i primi giorni di novembre.<\/p>\n<h2 style=\"color: #72cb25;\">Parametri Nutrizionali<\/h2>\n<table style=\"width: 100%; border-collapse: separate; border-spacing: 0 10px;\">\n<thead>\n<tr style=\"background-color: #ffdcb4; border-radius: 10px;\">\n<th>Parametro<\/th>\n<th>Valore<\/th>\n<\/tr>\n<\/thead>\n<tbody>\n<tr style=\"background-color: #e0b9cc; border-radius: 10px;\">\n<td>Energia (Kcal)<\/td>\n<td>34<\/td>\n<\/tr>\n<tr style=\"background-color: #d5edbc; border-radius: 10px;\">\n<td>Acqua (g)<\/td>\n<td>87,2<\/td>\n<\/tr>\n<tr style=\"background-color: #e0b9cc; border-radius: 10px;\">\n<td>Carboidrati (g)<\/td>\n<td>7,8<\/td>\n<\/tr>\n<tr style=\"background-color: #d5edbc; border-radius: 10px;\">\n<td>Fibra totale (g)<\/td>\n<td>1,6<\/td>\n<\/tr>\n<tr style=\"background-color: #e0b9cc; border-radius: 10px;\">\n<td>Proteine (g)<\/td>\n<td>0,7<\/td>\n<\/tr>\n<tr style=\"background-color: #d5edbc; border-radius: 10px;\">\n<td>Lipidi (g)<\/td>\n<td>0,2<\/td>\n<\/tr>\n<tr style=\"background-color: #e0b9cc; border-radius: 10px;\">\n<td>Potassio (mg)<\/td>\n<td>200<\/td>\n<\/tr>\n<tr style=\"background-color: #d5edbc; border-radius: 10px;\">\n<td>Vitamina A (mg)<\/td>\n<td>71<\/td>\n<\/tr>\n<tr style=\"background-color: #e0b9cc; border-radius: 10px;\">\n<td>Vitamina C (mg)<\/td>\n<td>50<\/td>\n<\/tr>\n<tr style=\"background-color: #d5edbc; border-radius: 10px;\">\n<td>Vitamina E (mg)<\/td>\n<td>50<\/td>\n<\/tr>\n<tr style=\"background-color: #e0b9cc; border-radius: 10px;\">\n<td>Vitamina B9 (mg)<\/td>\n<td>38<\/td>\n<\/tr>\n<tr style=\"background-color: #d5edbc; border-radius: 10px;\">\n<td>Calcio (mg)<\/td>\n<td>49<\/td>\n<\/tr>\n<tr style=\"background-color: #e0b9cc; border-radius: 10px;\">\n<td>Sodio (mg)<\/td>\n<td>3<\/td>\n<\/tr>\n<tr style=\"background-color: #d5edbc; border-radius: 10px;\">\n<td>Ferro (mg)<\/td>\n<td>0,2<\/td>\n<\/tr>\n<\/tbody>\n<\/table>\n<h2 style=\"color: #72cb25;\">Coltivazione<\/h2>\n<p>Le Arance Washington Navel sono prodotte secondo metodi di coltivazione biologica. Tutti i frutti sono coltivati rispettando l&#8217;ambiente e la terra, senza l&#8217;uso di pesticidi e fertilizzanti chimici convenzionali.<\/p>\n<h2 style=\"color: #72cb25;\">Raccolta, Spedizione e Conservazione<\/h2>\n<p>Per assicurare l&#8217;arrivo delle arance nelle condizioni ottimali, la raccolta viene effettuata manualmente e con estrema cura durante lo stesso giorno della spedizione, che \u00e8 prevista dal luned\u00ec al mercoled\u00ec. Le arance non vengono lavate per evitare che l&#8217;umidit\u00e0 possa comprometterne la freschezza naturale durante il trasporto e per la loro conservazione e commercializzazione non vengono utilizzate cere o trattamenti artificiali. Una volta ricevute le arance, si consiglia di rimuoverle dall&#8217;imballaggio utilizzato per il trasporto e successivamente riporle in un contenitore arieggiato e in un luogo fresco.<\/p>\n<h2 style=\"color: #72cb25;\">Usi in cucina<\/h2>\n<p>Le arance Washington Navel sono apprezzate non solo per il consumo fresco o sotto forma di spremuta, ma anche in svariate ricette agrodolci. La scorza, ricca di aromi, pu\u00f2 essere grattugiata per insaporire creme dolci o candita, talvolta insieme alla polpa tagliata a fettine. Entrambe le parti dell&#8217;arancia possono essere utilizzate anche per la preparazione di marmellate.<\/p>","protected":false},"excerpt":{"rendered":"<p>Dettagli L\u2019Arancio Washington Navel, classificato come Citrus sinensis \u2018Washington Navel\u2019, \u00e8 una variet\u00e0 caratterizzata dall&#8217;alta vigoria. I frutti, di forma sferoidale e a maturazione precoce, sono di pezzatura media o medio-grossa. La buccia \u00e8 di un arancio molto intenso con una superficie spessa e liscia, mentre la polpa si distingue per la sua dolcezza. Origine [&hellip;]<\/p>\n","protected":false},"featured_media":3759,"template":"","meta":[],"product_brand":[],"product_cat":[97,106],"product_tag":[],"class_list":{"0":"post-2820","1":"product","2":"type-product","3":"status-publish","4":"has-post-thumbnail","6":"product_cat-agrumi","7":"product_cat-tutti-i-prodotti","8":"product_shipping_class-gratuita","10":"first","11":"outofstock","12":"taxable","13":"shipping-taxable","14":"purchasable","15":"product-type-variable"},"bundled_by":["4248","4258","5657"],"bundle_stock_status":"outofstock","bundle_stock_quantity":0,"bundle_virtual":false,"bundle_layout":"","bundle_add_to_cart_form_location":"","bundle_editable_in_cart":false,"bundle_sold_individually_context":"","bundle_item_grouping":"","bundle_min_size":"","bundle_max_size":"","bundle_price":[],"bundled_items":[],"bundle_sell_ids":[],"yoast_head":"<!-- This site is optimized with the Yoast SEO plugin v27.4 - https:\/\/yoast.com\/product\/yoast-seo-wordpress\/ -->\n<title>Vendita Online di Arance Biologiche Siciliane - Green Valley Farm<\/title>\n<meta name=\"description\" content=\"Ordina online arance fresche e succose della variet\u00e0 Washington Navel e da coltivazione biologica, raccolte e spediti direttamente dalla Sicilia.\" \/>\n<meta name=\"robots\" content=\"index, follow, max-snippet:-1, max-image-preview:large, max-video-preview:-1\" \/>\n<link rel=\"canonical\" href=\"https:\/\/greenvalleysrl.com\/en\/product\/arance-washington-navel-biologiche\/\" \/>\n<meta property=\"og:locale\" content=\"en_GB\" \/>\n<meta property=\"og:type\" content=\"article\" \/>\n<meta property=\"og:title\" content=\"Vendita Online di Arance Biologiche Siciliane - Green Valley Farm\" \/>\n<meta property=\"og:description\" content=\"Ordina online arance fresche e succose della variet\u00e0 Washington Navel e da coltivazione biologica, raccolte e spediti direttamente dalla Sicilia.\" \/>\n<meta property=\"og:url\" content=\"https:\/\/greenvalleysrl.com\/en\/product\/arance-washington-navel-biologiche\/\" \/>\n<meta property=\"og:site_name\" content=\"Green Valley\" \/>\n<meta property=\"article:publisher\" content=\"https:\/\/www.facebook.com\/greenvalleyfarmsrl\/\" \/>\n<meta property=\"article:modified_time\" content=\"2026-03-05T14:05:32+00:00\" \/>\n<meta property=\"og:image\" content=\"https:\/\/greenvalleysrl.com\/wp-content\/uploads\/2022\/09\/arance_1.jpg\" \/>\n\t<meta property=\"og:image:width\" content=\"1080\" \/>\n\t<meta property=\"og:image:height\" content=\"1080\" \/>\n\t<meta property=\"og:image:type\" content=\"image\/jpeg\" \/>\n<meta name=\"twitter:card\" content=\"summary_large_image\" \/>\n<meta name=\"twitter:label1\" content=\"Estimated reading time\" \/>\n\t<meta name=\"twitter:data1\" content=\"2 minutes\" \/>\n<script type=\"application\/ld+json\" class=\"yoast-schema-graph\">{\"@context\":\"https:\\\/\\\/schema.org\",\"@graph\":[{\"@type\":\"WebPage\",\"@id\":\"https:\\\/\\\/greenvalleysrl.com\\\/product\\\/arance-washington-navel-biologiche\\\/\",\"url\":\"https:\\\/\\\/greenvalleysrl.com\\\/product\\\/arance-washington-navel-biologiche\\\/\",\"name\":\"Vendita Online di Arance Biologiche Siciliane - Green Valley Farm\",\"isPartOf\":{\"@id\":\"https:\\\/\\\/greenvalleysrl.com\\\/#website\"},\"primaryImageOfPage\":{\"@id\":\"https:\\\/\\\/greenvalleysrl.com\\\/product\\\/arance-washington-navel-biologiche\\\/#primaryimage\"},\"image\":{\"@id\":\"https:\\\/\\\/greenvalleysrl.com\\\/product\\\/arance-washington-navel-biologiche\\\/#primaryimage\"},\"thumbnailUrl\":\"https:\\\/\\\/greenvalleysrl.com\\\/wp-content\\\/uploads\\\/2022\\\/09\\\/arance_1.jpg\",\"datePublished\":\"2022-09-07T10:48:20+00:00\",\"dateModified\":\"2026-03-05T14:05:32+00:00\",\"description\":\"Ordina online arance fresche e succose della variet\u00e0 Washington Navel e da coltivazione biologica, raccolte e spediti direttamente dalla Sicilia.\",\"breadcrumb\":{\"@id\":\"https:\\\/\\\/greenvalleysrl.com\\\/product\\\/arance-washington-navel-biologiche\\\/#breadcrumb\"},\"inLanguage\":\"en-GB\",\"potentialAction\":[{\"@type\":\"ReadAction\",\"target\":[\"https:\\\/\\\/greenvalleysrl.com\\\/product\\\/arance-washington-navel-biologiche\\\/\"]}]},{\"@type\":\"ImageObject\",\"inLanguage\":\"en-GB\",\"@id\":\"https:\\\/\\\/greenvalleysrl.com\\\/product\\\/arance-washington-navel-biologiche\\\/#primaryimage\",\"url\":\"https:\\\/\\\/greenvalleysrl.com\\\/wp-content\\\/uploads\\\/2022\\\/09\\\/arance_1.jpg\",\"contentUrl\":\"https:\\\/\\\/greenvalleysrl.com\\\/wp-content\\\/uploads\\\/2022\\\/09\\\/arance_1.jpg\",\"width\":1080,\"height\":1080,\"caption\":\"arance-biologiche-Sicilia\"},{\"@type\":\"BreadcrumbList\",\"@id\":\"https:\\\/\\\/greenvalleysrl.com\\\/product\\\/arance-washington-navel-biologiche\\\/#breadcrumb\",\"itemListElement\":[{\"@type\":\"ListItem\",\"position\":1,\"name\":\"Home\",\"item\":\"https:\\\/\\\/greenvalleysrl.com\\\/\"},{\"@type\":\"ListItem\",\"position\":2,\"name\":\"shop\",\"item\":\"https:\\\/\\\/greenvalleysrl.com\\\/shop\\\/\"},{\"@type\":\"ListItem\",\"position\":3,\"name\":\"Tutti i prodotti\",\"item\":\"https:\\\/\\\/greenvalleysrl.com\\\/product-category\\\/tutti-i-prodotti\\\/\"},{\"@type\":\"ListItem\",\"position\":4,\"name\":\"arance\"}]},{\"@type\":\"WebSite\",\"@id\":\"https:\\\/\\\/greenvalleysrl.com\\\/#website\",\"url\":\"https:\\\/\\\/greenvalleysrl.com\\\/\",\"name\":\"Green Valley Farm\",\"description\":\"Agrumi coltivati secondo natura\",\"publisher\":{\"@id\":\"https:\\\/\\\/greenvalleysrl.com\\\/#organization\"},\"potentialAction\":[{\"@type\":\"SearchAction\",\"target\":{\"@type\":\"EntryPoint\",\"urlTemplate\":\"https:\\\/\\\/greenvalleysrl.com\\\/?s={search_term_string}\"},\"query-input\":{\"@type\":\"PropertyValueSpecification\",\"valueRequired\":true,\"valueName\":\"search_term_string\"}}],\"inLanguage\":\"en-GB\"},{\"@type\":\"Organization\",\"@id\":\"https:\\\/\\\/greenvalleysrl.com\\\/#organization\",\"name\":\"Green Valley Farm\",\"url\":\"https:\\\/\\\/greenvalleysrl.com\\\/\",\"logo\":{\"@type\":\"ImageObject\",\"inLanguage\":\"en-GB\",\"@id\":\"https:\\\/\\\/greenvalleysrl.com\\\/#\\\/schema\\\/logo\\\/image\\\/\",\"url\":\"https:\\\/\\\/greenvalleysrl.com\\\/wp-content\\\/uploads\\\/2024\\\/05\\\/logo-gv.png\",\"contentUrl\":\"https:\\\/\\\/greenvalleysrl.com\\\/wp-content\\\/uploads\\\/2024\\\/05\\\/logo-gv.png\",\"width\":1080,\"height\":1080,\"caption\":\"Green Valley Farm\"},\"image\":{\"@id\":\"https:\\\/\\\/greenvalleysrl.com\\\/#\\\/schema\\\/logo\\\/image\\\/\"},\"sameAs\":[\"https:\\\/\\\/www.facebook.com\\\/greenvalleyfarmsrl\\\/\",\"https:\\\/\\\/www.linkedin.com\\\/company\\\/azienda-agricola-green-valley-farm-srl\\\/\"]}]}<\/script>\n<!-- \/ Yoast SEO plugin. -->","yoast_head_json":{"title":"Vendita Online di Arance Biologiche Siciliane - Green Valley Farm","description":"Ordina online arance fresche e succose della variet\u00e0 Washington Navel e da coltivazione biologica, raccolte e spediti direttamente dalla Sicilia.","robots":{"index":"index","follow":"follow","max-snippet":"max-snippet:-1","max-image-preview":"max-image-preview:large","max-video-preview":"max-video-preview:-1"},"canonical":"https:\/\/greenvalleysrl.com\/en\/product\/arance-washington-navel-biologiche\/","og_locale":"en_GB","og_type":"article","og_title":"Vendita Online di Arance Biologiche Siciliane - Green Valley Farm","og_description":"Ordina online arance fresche e succose della variet\u00e0 Washington Navel e da coltivazione biologica, raccolte e spediti direttamente dalla Sicilia.","og_url":"https:\/\/greenvalleysrl.com\/en\/product\/arance-washington-navel-biologiche\/","og_site_name":"Green Valley","article_publisher":"https:\/\/www.facebook.com\/greenvalleyfarmsrl\/","article_modified_time":"2026-03-05T14:05:32+00:00","og_image":[{"width":1080,"height":1080,"url":"https:\/\/greenvalleysrl.com\/wp-content\/uploads\/2022\/09\/arance_1.jpg","type":"image\/jpeg"}],"twitter_card":"summary_large_image","twitter_misc":{"Estimated reading time":"2 minutes"},"schema":{"@context":"https:\/\/schema.org","@graph":[{"@type":"WebPage","@id":"https:\/\/greenvalleysrl.com\/product\/arance-washington-navel-biologiche\/","url":"https:\/\/greenvalleysrl.com\/product\/arance-washington-navel-biologiche\/","name":"Vendita Online di Arance Biologiche Siciliane - Green Valley Farm","isPartOf":{"@id":"https:\/\/greenvalleysrl.com\/#website"},"primaryImageOfPage":{"@id":"https:\/\/greenvalleysrl.com\/product\/arance-washington-navel-biologiche\/#primaryimage"},"image":{"@id":"https:\/\/greenvalleysrl.com\/product\/arance-washington-navel-biologiche\/#primaryimage"},"thumbnailUrl":"https:\/\/greenvalleysrl.com\/wp-content\/uploads\/2022\/09\/arance_1.jpg","datePublished":"2022-09-07T10:48:20+00:00","dateModified":"2026-03-05T14:05:32+00:00","description":"Ordina online arance fresche e succose della variet\u00e0 Washington Navel e da coltivazione biologica, raccolte e spediti direttamente dalla Sicilia.","breadcrumb":{"@id":"https:\/\/greenvalleysrl.com\/product\/arance-washington-navel-biologiche\/#breadcrumb"},"inLanguage":"en-GB","potentialAction":[{"@type":"ReadAction","target":["https:\/\/greenvalleysrl.com\/product\/arance-washington-navel-biologiche\/"]}]},{"@type":"ImageObject","inLanguage":"en-GB","@id":"https:\/\/greenvalleysrl.com\/product\/arance-washington-navel-biologiche\/#primaryimage","url":"https:\/\/greenvalleysrl.com\/wp-content\/uploads\/2022\/09\/arance_1.jpg","contentUrl":"https:\/\/greenvalleysrl.com\/wp-content\/uploads\/2022\/09\/arance_1.jpg","width":1080,"height":1080,"caption":"arance-biologiche-Sicilia"},{"@type":"BreadcrumbList","@id":"https:\/\/greenvalleysrl.com\/product\/arance-washington-navel-biologiche\/#breadcrumb","itemListElement":[{"@type":"ListItem","position":1,"name":"Home","item":"https:\/\/greenvalleysrl.com\/"},{"@type":"ListItem","position":2,"name":"shop","item":"https:\/\/greenvalleysrl.com\/shop\/"},{"@type":"ListItem","position":3,"name":"Tutti i prodotti","item":"https:\/\/greenvalleysrl.com\/product-category\/tutti-i-prodotti\/"},{"@type":"ListItem","position":4,"name":"arance"}]},{"@type":"WebSite","@id":"https:\/\/greenvalleysrl.com\/#website","url":"https:\/\/greenvalleysrl.com\/","name":"Green Valley Farm","description":"Agrumi coltivati secondo natura","publisher":{"@id":"https:\/\/greenvalleysrl.com\/#organization"},"potentialAction":[{"@type":"SearchAction","target":{"@type":"EntryPoint","urlTemplate":"https:\/\/greenvalleysrl.com\/?s={search_term_string}"},"query-input":{"@type":"PropertyValueSpecification","valueRequired":true,"valueName":"search_term_string"}}],"inLanguage":"en-GB"},{"@type":"Organization","@id":"https:\/\/greenvalleysrl.com\/#organization","name":"Green Valley Farm","url":"https:\/\/greenvalleysrl.com\/","logo":{"@type":"ImageObject","inLanguage":"en-GB","@id":"https:\/\/greenvalleysrl.com\/#\/schema\/logo\/image\/","url":"https:\/\/greenvalleysrl.com\/wp-content\/uploads\/2024\/05\/logo-gv.png","contentUrl":"https:\/\/greenvalleysrl.com\/wp-content\/uploads\/2024\/05\/logo-gv.png","width":1080,"height":1080,"caption":"Green Valley Farm"},"image":{"@id":"https:\/\/greenvalleysrl.com\/#\/schema\/logo\/image\/"},"sameAs":["https:\/\/www.facebook.com\/greenvalleyfarmsrl\/","https:\/\/www.linkedin.com\/company\/azienda-agricola-green-valley-farm-srl\/"]}]}},"jetpack_sharing_enabled":true,"_links":{"self":[{"href":"https:\/\/greenvalleysrl.com\/en\/wp-json\/wp\/v2\/product\/2820","targetHints":{"allow":["GET"]}}],"collection":[{"href":"https:\/\/greenvalleysrl.com\/en\/wp-json\/wp\/v2\/product"}],"about":[{"href":"https:\/\/greenvalleysrl.com\/en\/wp-json\/wp\/v2\/types\/product"}],"wp:featuredmedia":[{"embeddable":true,"href":"https:\/\/greenvalleysrl.com\/en\/wp-json\/wp\/v2\/media\/3759"}],"wp:attachment":[{"href":"https:\/\/greenvalleysrl.com\/en\/wp-json\/wp\/v2\/media?parent=2820"}],"wp:term":[{"taxonomy":"product_brand","embeddable":true,"href":"https:\/\/greenvalleysrl.com\/en\/wp-json\/wp\/v2\/product_brand?post=2820"},{"taxonomy":"product_cat","embeddable":true,"href":"https:\/\/greenvalleysrl.com\/en\/wp-json\/wp\/v2\/product_cat?post=2820"},{"taxonomy":"product_tag","embeddable":true,"href":"https:\/\/greenvalleysrl.com\/en\/wp-json\/wp\/v2\/product_tag?post=2820"}],"curies":[{"name":"wp","href":"https:\/\/api.w.org\/{rel}","templated":true}]}}