{"id":3697,"date":"2022-09-28T10:53:49","date_gmt":"2022-09-28T10:53:49","guid":{"rendered":"http:\/\/test.greenvalleysrl.com\/?post_type=product&#038;p=3697"},"modified":"2026-03-05T14:06:02","modified_gmt":"2026-03-05T14:06:02","slug":"liquore-4-lime-finger-lime","status":"publish","type":"product","link":"https:\/\/greenvalleysrl.com\/en\/product\/liquore-4-lime-finger-lime\/","title":{"rendered":"Liquore 4Lime ai Quattro Agrumi e Finger Lime (Caviale di Limone)"},"content":{"rendered":"<h2 style=\"color: #72cb25;\">Dettagli<\/h2>\n<p>Il Liquore 4Lime dell&#8217;Azienda Green Valley Farm \u00e8 un raffinato liquore ai quattro agrumi, preparato secondo un&#8217;antica ricetta di famiglia tramandata da generazioni. Questo liquore si ottiene macerando in alcool quattro tipologie diverse di agrumi: il <a href=\"https:\/\/greenvalleysrl.com\/en\/product\/limoni-siciliani-biologici\/\">Limone<\/a>, l\u2019<a href=\"https:\/\/greenvalleysrl.com\/en\/product\/arance-washington-navel-biologiche\/\">Arancia<\/a>, il <a href=\"https:\/\/greenvalleysrl.com\/en\/product\/mandarini-siciliani-biologici\/\">Mandarino<\/a> e il <strong>Finger Lime<\/strong>. Il finger lime \u00e8 un agrume tipico dell&#8217;australia, noto anche come caviale di limone per via delle sue vescicole che ricordano il caviale. Il risultato \u00e8 un liquore aromatico e profumatissimo, caratterizzato da una nota esotica dolce e pungente.<\/p>\n<h2 style=\"color: #72cb25;\">Produzione:<\/h2>\n<p>Italy<\/p>\n<h2 style=\"color: #72cb25;\">Ingredients:<\/h2>\n<p>&#8211; Acqua<\/p>\n<p>&#8211; Zucchero<\/p>\n<p>&#8211; Infuso di alcool puro<\/p>\n<p>&#8211; Bucce di Limoni<\/p>\n<p>&#8211; Bucce di Arancia<\/p>\n<p>&#8211; Bucce di Mandarino<\/p>\n<p>&#8211; Finger Lime<\/p>\n<h2 style=\"color: #72cb25;\">Gradazione:<\/h2>\n<p>25% Vol<\/p>\n<h2 style=\"color: #72cb25;\">Spedizione e Conservazione<\/h2>\n<p>La spedizione del 4 Lime \u00e8 prevista dal <strong>luned\u00ec<\/strong> al <strong>venerd\u00ec<\/strong>. Una volta ricevuto il liquore 4 Lime, si consiglia di conservarlo in luogo fresco ed asciutto al riparo dalla luce e da fonti di calore.<\/p>\n<h2 style=\"color: #72cb25;\">Usi in cucina<\/h2>\n<p>Il 4 Lime \u00e8 ideale a fine pasto come digestivo, \u00e8 un liquore versatile ed \u00e8 anche un ottimo ingrediente per esaltare cocktail raffinati e di alto gourmet.<\/p>","protected":false},"excerpt":{"rendered":"<p>Dettagli Il Liquore 4Lime dell&#8217;Azienda Green Valley Farm \u00e8 un raffinato liquore ai quattro agrumi, preparato secondo un&#8217;antica ricetta di famiglia tramandata da generazioni. Questo liquore si ottiene macerando in alcool quattro tipologie diverse di agrumi: il Limone, l\u2019Arancia, il Mandarino e il Finger Lime. Il finger lime \u00e8 un agrume tipico dell&#8217;australia, noto anche [&hellip;]<\/p>\n","protected":false},"featured_media":4344,"template":"","meta":[],"product_brand":[],"product_cat":[99,106],"product_tag":[],"class_list":{"0":"post-3697","1":"product","2":"type-product","3":"status-publish","4":"has-post-thumbnail","6":"product_cat-liquori","7":"product_cat-tutti-i-prodotti","8":"product_shipping_class-standard","10":"first","11":"instock","12":"taxable","13":"shipping-taxable","14":"purchasable","15":"product-type-variable"},"bundled_by":[],"bundle_stock_status":"instock","bundle_stock_quantity":null,"bundle_virtual":false,"bundle_layout":"","bundle_add_to_cart_form_location":"","bundle_editable_in_cart":false,"bundle_sold_individually_context":"","bundle_item_grouping":"","bundle_min_size":"","bundle_max_size":"","bundle_price":[],"bundled_items":[],"bundle_sell_ids":[],"yoast_head":"<!-- This site is optimized with the Yoast SEO plugin v27.4 - https:\/\/yoast.com\/product\/yoast-seo-wordpress\/ -->\n<title>Vendita Online di Liquore al Finger Lime - Green Valley Farm<\/title>\n<meta name=\"description\" content=\"Scopri il Liquore 4 Lime della Green Valley Farm, un blend unico di limone, arancia, mandarino e finger lime (caviale di limone).\" \/>\n<meta name=\"robots\" content=\"index, follow, max-snippet:-1, max-image-preview:large, max-video-preview:-1\" \/>\n<link rel=\"canonical\" href=\"https:\/\/greenvalleysrl.com\/en\/product\/liquore-4-lime-finger-lime\/\" \/>\n<meta property=\"og:locale\" content=\"en_GB\" \/>\n<meta property=\"og:type\" content=\"article\" \/>\n<meta property=\"og:title\" content=\"Vendita Online di Liquore al Finger Lime - Green Valley Farm\" \/>\n<meta property=\"og:description\" content=\"Scopri il Liquore 4 Lime della Green Valley Farm, un blend unico di limone, arancia, mandarino e finger lime (caviale di limone).\" \/>\n<meta property=\"og:url\" content=\"https:\/\/greenvalleysrl.com\/en\/product\/liquore-4-lime-finger-lime\/\" \/>\n<meta property=\"og:site_name\" content=\"Green Valley\" \/>\n<meta property=\"article:publisher\" content=\"https:\/\/www.facebook.com\/greenvalleyfarmsrl\/\" \/>\n<meta property=\"article:modified_time\" content=\"2026-03-05T14:06:02+00:00\" \/>\n<meta property=\"og:image\" content=\"https:\/\/greenvalleysrl.com\/wp-content\/uploads\/2022\/09\/Greenvalley053-1-scaled.jpg\" \/>\n\t<meta property=\"og:image:width\" content=\"2560\" \/>\n\t<meta property=\"og:image:height\" content=\"2560\" \/>\n\t<meta property=\"og:image:type\" content=\"image\/jpeg\" \/>\n<meta name=\"twitter:card\" content=\"summary_large_image\" \/>\n<meta name=\"twitter:label1\" content=\"Estimated reading time\" \/>\n\t<meta name=\"twitter:data1\" content=\"2 minutes\" \/>\n<script type=\"application\/ld+json\" class=\"yoast-schema-graph\">{\"@context\":\"https:\\\/\\\/schema.org\",\"@graph\":[{\"@type\":\"WebPage\",\"@id\":\"https:\\\/\\\/greenvalleysrl.com\\\/product\\\/liquore-4-lime-finger-lime\\\/\",\"url\":\"https:\\\/\\\/greenvalleysrl.com\\\/product\\\/liquore-4-lime-finger-lime\\\/\",\"name\":\"Vendita Online di Liquore al Finger Lime - Green Valley Farm\",\"isPartOf\":{\"@id\":\"https:\\\/\\\/greenvalleysrl.com\\\/#website\"},\"primaryImageOfPage\":{\"@id\":\"https:\\\/\\\/greenvalleysrl.com\\\/product\\\/liquore-4-lime-finger-lime\\\/#primaryimage\"},\"image\":{\"@id\":\"https:\\\/\\\/greenvalleysrl.com\\\/product\\\/liquore-4-lime-finger-lime\\\/#primaryimage\"},\"thumbnailUrl\":\"https:\\\/\\\/greenvalleysrl.com\\\/wp-content\\\/uploads\\\/2022\\\/09\\\/Greenvalley053-1-scaled.jpg\",\"datePublished\":\"2022-09-28T10:53:49+00:00\",\"dateModified\":\"2026-03-05T14:06:02+00:00\",\"description\":\"Scopri il Liquore 4 Lime della Green Valley Farm, un blend unico di limone, arancia, mandarino e finger lime (caviale di limone).\",\"breadcrumb\":{\"@id\":\"https:\\\/\\\/greenvalleysrl.com\\\/product\\\/liquore-4-lime-finger-lime\\\/#breadcrumb\"},\"inLanguage\":\"en-GB\",\"potentialAction\":[{\"@type\":\"ReadAction\",\"target\":[\"https:\\\/\\\/greenvalleysrl.com\\\/product\\\/liquore-4-lime-finger-lime\\\/\"]}]},{\"@type\":\"ImageObject\",\"inLanguage\":\"en-GB\",\"@id\":\"https:\\\/\\\/greenvalleysrl.com\\\/product\\\/liquore-4-lime-finger-lime\\\/#primaryimage\",\"url\":\"https:\\\/\\\/greenvalleysrl.com\\\/wp-content\\\/uploads\\\/2022\\\/09\\\/Greenvalley053-1-scaled.jpg\",\"contentUrl\":\"https:\\\/\\\/greenvalleysrl.com\\\/wp-content\\\/uploads\\\/2022\\\/09\\\/Greenvalley053-1-scaled.jpg\",\"width\":2560,\"height\":2560,\"caption\":\"liquore-4lime-finger-lime\"},{\"@type\":\"BreadcrumbList\",\"@id\":\"https:\\\/\\\/greenvalleysrl.com\\\/product\\\/liquore-4-lime-finger-lime\\\/#breadcrumb\",\"itemListElement\":[{\"@type\":\"ListItem\",\"position\":1,\"name\":\"Home\",\"item\":\"https:\\\/\\\/greenvalleysrl.com\\\/\"},{\"@type\":\"ListItem\",\"position\":2,\"name\":\"shop\",\"item\":\"https:\\\/\\\/greenvalleysrl.com\\\/shop\\\/\"},{\"@type\":\"ListItem\",\"position\":3,\"name\":\"Tutti i prodotti\",\"item\":\"https:\\\/\\\/greenvalleysrl.com\\\/product-category\\\/tutti-i-prodotti\\\/\"},{\"@type\":\"ListItem\",\"position\":4,\"name\":\"Liquore 4Lime ai Quattro Agrumi e Finger Lime (Caviale di Limone)\"}]},{\"@type\":\"WebSite\",\"@id\":\"https:\\\/\\\/greenvalleysrl.com\\\/#website\",\"url\":\"https:\\\/\\\/greenvalleysrl.com\\\/\",\"name\":\"Green Valley Farm\",\"description\":\"Agrumi coltivati secondo natura\",\"publisher\":{\"@id\":\"https:\\\/\\\/greenvalleysrl.com\\\/#organization\"},\"potentialAction\":[{\"@type\":\"SearchAction\",\"target\":{\"@type\":\"EntryPoint\",\"urlTemplate\":\"https:\\\/\\\/greenvalleysrl.com\\\/?s={search_term_string}\"},\"query-input\":{\"@type\":\"PropertyValueSpecification\",\"valueRequired\":true,\"valueName\":\"search_term_string\"}}],\"inLanguage\":\"en-GB\"},{\"@type\":\"Organization\",\"@id\":\"https:\\\/\\\/greenvalleysrl.com\\\/#organization\",\"name\":\"Green Valley Farm\",\"url\":\"https:\\\/\\\/greenvalleysrl.com\\\/\",\"logo\":{\"@type\":\"ImageObject\",\"inLanguage\":\"en-GB\",\"@id\":\"https:\\\/\\\/greenvalleysrl.com\\\/#\\\/schema\\\/logo\\\/image\\\/\",\"url\":\"https:\\\/\\\/greenvalleysrl.com\\\/wp-content\\\/uploads\\\/2024\\\/05\\\/logo-gv.png\",\"contentUrl\":\"https:\\\/\\\/greenvalleysrl.com\\\/wp-content\\\/uploads\\\/2024\\\/05\\\/logo-gv.png\",\"width\":1080,\"height\":1080,\"caption\":\"Green Valley Farm\"},\"image\":{\"@id\":\"https:\\\/\\\/greenvalleysrl.com\\\/#\\\/schema\\\/logo\\\/image\\\/\"},\"sameAs\":[\"https:\\\/\\\/www.facebook.com\\\/greenvalleyfarmsrl\\\/\",\"https:\\\/\\\/www.linkedin.com\\\/company\\\/azienda-agricola-green-valley-farm-srl\\\/\"]}]}<\/script>\n<!-- \/ Yoast SEO plugin. -->","yoast_head_json":{"title":"Vendita Online di Liquore al Finger Lime - Green Valley Farm","description":"Scopri il Liquore 4 Lime della Green Valley Farm, un blend unico di limone, arancia, mandarino e finger lime (caviale di limone).","robots":{"index":"index","follow":"follow","max-snippet":"max-snippet:-1","max-image-preview":"max-image-preview:large","max-video-preview":"max-video-preview:-1"},"canonical":"https:\/\/greenvalleysrl.com\/en\/product\/liquore-4-lime-finger-lime\/","og_locale":"en_GB","og_type":"article","og_title":"Vendita Online di Liquore al Finger Lime - Green Valley Farm","og_description":"Scopri il Liquore 4 Lime della Green Valley Farm, un blend unico di limone, arancia, mandarino e finger lime (caviale di limone).","og_url":"https:\/\/greenvalleysrl.com\/en\/product\/liquore-4-lime-finger-lime\/","og_site_name":"Green Valley","article_publisher":"https:\/\/www.facebook.com\/greenvalleyfarmsrl\/","article_modified_time":"2026-03-05T14:06:02+00:00","og_image":[{"width":2560,"height":2560,"url":"https:\/\/greenvalleysrl.com\/wp-content\/uploads\/2022\/09\/Greenvalley053-1-scaled.jpg","type":"image\/jpeg"}],"twitter_card":"summary_large_image","twitter_misc":{"Estimated reading time":"2 minutes"},"schema":{"@context":"https:\/\/schema.org","@graph":[{"@type":"WebPage","@id":"https:\/\/greenvalleysrl.com\/product\/liquore-4-lime-finger-lime\/","url":"https:\/\/greenvalleysrl.com\/product\/liquore-4-lime-finger-lime\/","name":"Vendita Online di Liquore al Finger Lime - Green Valley Farm","isPartOf":{"@id":"https:\/\/greenvalleysrl.com\/#website"},"primaryImageOfPage":{"@id":"https:\/\/greenvalleysrl.com\/product\/liquore-4-lime-finger-lime\/#primaryimage"},"image":{"@id":"https:\/\/greenvalleysrl.com\/product\/liquore-4-lime-finger-lime\/#primaryimage"},"thumbnailUrl":"https:\/\/greenvalleysrl.com\/wp-content\/uploads\/2022\/09\/Greenvalley053-1-scaled.jpg","datePublished":"2022-09-28T10:53:49+00:00","dateModified":"2026-03-05T14:06:02+00:00","description":"Scopri il Liquore 4 Lime della Green Valley Farm, un blend unico di limone, arancia, mandarino e finger lime (caviale di limone).","breadcrumb":{"@id":"https:\/\/greenvalleysrl.com\/product\/liquore-4-lime-finger-lime\/#breadcrumb"},"inLanguage":"en-GB","potentialAction":[{"@type":"ReadAction","target":["https:\/\/greenvalleysrl.com\/product\/liquore-4-lime-finger-lime\/"]}]},{"@type":"ImageObject","inLanguage":"en-GB","@id":"https:\/\/greenvalleysrl.com\/product\/liquore-4-lime-finger-lime\/#primaryimage","url":"https:\/\/greenvalleysrl.com\/wp-content\/uploads\/2022\/09\/Greenvalley053-1-scaled.jpg","contentUrl":"https:\/\/greenvalleysrl.com\/wp-content\/uploads\/2022\/09\/Greenvalley053-1-scaled.jpg","width":2560,"height":2560,"caption":"liquore-4lime-finger-lime"},{"@type":"BreadcrumbList","@id":"https:\/\/greenvalleysrl.com\/product\/liquore-4-lime-finger-lime\/#breadcrumb","itemListElement":[{"@type":"ListItem","position":1,"name":"Home","item":"https:\/\/greenvalleysrl.com\/"},{"@type":"ListItem","position":2,"name":"shop","item":"https:\/\/greenvalleysrl.com\/shop\/"},{"@type":"ListItem","position":3,"name":"Tutti i prodotti","item":"https:\/\/greenvalleysrl.com\/product-category\/tutti-i-prodotti\/"},{"@type":"ListItem","position":4,"name":"Liquore 4Lime ai Quattro Agrumi e Finger Lime (Caviale di Limone)"}]},{"@type":"WebSite","@id":"https:\/\/greenvalleysrl.com\/#website","url":"https:\/\/greenvalleysrl.com\/","name":"Green Valley Farm","description":"Agrumi coltivati secondo natura","publisher":{"@id":"https:\/\/greenvalleysrl.com\/#organization"},"potentialAction":[{"@type":"SearchAction","target":{"@type":"EntryPoint","urlTemplate":"https:\/\/greenvalleysrl.com\/?s={search_term_string}"},"query-input":{"@type":"PropertyValueSpecification","valueRequired":true,"valueName":"search_term_string"}}],"inLanguage":"en-GB"},{"@type":"Organization","@id":"https:\/\/greenvalleysrl.com\/#organization","name":"Green Valley Farm","url":"https:\/\/greenvalleysrl.com\/","logo":{"@type":"ImageObject","inLanguage":"en-GB","@id":"https:\/\/greenvalleysrl.com\/#\/schema\/logo\/image\/","url":"https:\/\/greenvalleysrl.com\/wp-content\/uploads\/2024\/05\/logo-gv.png","contentUrl":"https:\/\/greenvalleysrl.com\/wp-content\/uploads\/2024\/05\/logo-gv.png","width":1080,"height":1080,"caption":"Green Valley Farm"},"image":{"@id":"https:\/\/greenvalleysrl.com\/#\/schema\/logo\/image\/"},"sameAs":["https:\/\/www.facebook.com\/greenvalleyfarmsrl\/","https:\/\/www.linkedin.com\/company\/azienda-agricola-green-valley-farm-srl\/"]}]}},"jetpack_sharing_enabled":true,"_links":{"self":[{"href":"https:\/\/greenvalleysrl.com\/en\/wp-json\/wp\/v2\/product\/3697","targetHints":{"allow":["GET"]}}],"collection":[{"href":"https:\/\/greenvalleysrl.com\/en\/wp-json\/wp\/v2\/product"}],"about":[{"href":"https:\/\/greenvalleysrl.com\/en\/wp-json\/wp\/v2\/types\/product"}],"wp:featuredmedia":[{"embeddable":true,"href":"https:\/\/greenvalleysrl.com\/en\/wp-json\/wp\/v2\/media\/4344"}],"wp:attachment":[{"href":"https:\/\/greenvalleysrl.com\/en\/wp-json\/wp\/v2\/media?parent=3697"}],"wp:term":[{"taxonomy":"product_brand","embeddable":true,"href":"https:\/\/greenvalleysrl.com\/en\/wp-json\/wp\/v2\/product_brand?post=3697"},{"taxonomy":"product_cat","embeddable":true,"href":"https:\/\/greenvalleysrl.com\/en\/wp-json\/wp\/v2\/product_cat?post=3697"},{"taxonomy":"product_tag","embeddable":true,"href":"https:\/\/greenvalleysrl.com\/en\/wp-json\/wp\/v2\/product_tag?post=3697"}],"curies":[{"name":"wp","href":"https:\/\/api.w.org\/{rel}","templated":true}]}}